{"id":1044,"date":"2019-05-13T07:07:24","date_gmt":"2019-05-13T07:07:24","guid":{"rendered":"http:\/\/geneve-sciences-de-la-vie.ch\/?page_id=1044"},"modified":"2023-08-28T14:11:04","modified_gmt":"2023-08-28T14:11:04","slug":"contact","status":"publish","type":"page","link":"https:\/\/geneve-sciences-de-la-vie.ch\/en\/contact\/","title":{"rendered":"Contact"},"content":{"rendered":"<div class=\"wpb-content-wrapper\">[vc_row section_background=&#8221;imagebg&#8221; background_vertical_position=&#8221;center&#8221; background_horizontal_position=&#8221;center&#8221; background_repeat=&#8221;no-repeat&#8221; background_fullscreen=&#8221;yes&#8221; section_id=&#8221;maps&#8221; image_background=&#8221;1280&#8243;][vc_column][\/vc_column][\/vc_row][vc_row section_background=&#8221;color&#8221; background_color=&#8221;#ffffff&#8221;][vc_column][vc_row_inner][vc_column_inner width=&#8221;1\/3&#8243;][jeg_heading float=&#8221;left&#8221; title=&#8221;Address&#8221;][\/vc_column_inner][vc_column_inner width=&#8221;2\/3&#8243;][vc_column_text]<strong>Geneva Life Sciences<\/strong><br \/>\nF\u00e9d\u00e9ration des Entreprises Romandes (FER)<br \/>\nrue de Saint-Jean 98<br \/>\nCase postale<br \/>\nCH-1211 Gen\u00e8ve 3<br \/>\nSwitzerland<\/p>\n<p><a href=\"https:\/\/goo.gl\/maps\/GuFP5sXKE4bdCNj47\" target=\"_blank\" rel=\"noopener\">View in Google Map<\/a><\/p>\n<p>Tel.: +41 58\u00a0715 36 98<br \/>\nEmail: <a title=\"mailto:info@geneve-sciences-de-la-vie.ch\" href=\"mailto:info@geneve-sciences-de-la-vie.ch\">info@geneve-sciences-de-la-vie.ch<\/a>[\/vc_column_text][\/vc_column_inner][\/vc_row_inner][\/vc_column][\/vc_row][vc_row section_top_margin=&#8221;notopmargin&#8221; section_background=&#8221;color&#8221; background_color=&#8221;#ffffff&#8221; section_id=&#8221;join&#8221;][vc_column][vc_row_inner][vc_column_inner width=&#8221;1\/3&#8243;][jeg_heading float=&#8221;left&#8221; title=&#8221;Join the association&#8221;][\/vc_column_inner][vc_column_inner width=&#8221;1\/3&#8243;][vc_single_image image=&#8221;1097&#8243; img_size=&#8221;full&#8221; alignment=&#8221;center&#8221;][vc_column_text]<\/p>\n<p style=\"text-align: center;\"><a href=\"http:\/\/geneve-sciences-de-la-vie.ch\/wp-content\/uploads\/2019\/06\/formulaire.pdf\" target=\"_blank\" rel=\"noopener\">Download the official article<\/a><\/p>\n<p>[\/vc_column_text][\/vc_column_inner][vc_column_inner width=&#8221;1\/3&#8243;][vc_single_image image=&#8221;1096&#8243; img_size=&#8221;full&#8221; alignment=&#8221;center&#8221;][vc_column_text]<\/p>\n<p style=\"text-align: center; margin-top: 53px;\"><a href=\"#\" rel=\"noopener\">Contact us to register<\/a><\/p>\n<p>[\/vc_column_text][\/vc_column_inner][\/vc_row_inner][\/vc_column][\/vc_row]\n<\/div>","protected":false},"excerpt":{"rendered":"<p>[vc_row section_background=&#8221;imagebg&#8221; background_vertical_position=&#8221;center&#8221; background_horizontal_position=&#8221;center&#8221; background_repeat=&#8221;no-repeat&#8221; background_fullscreen=&#8221;yes&#8221; section_id=&#8221;maps&#8221; image_background=&#8221;1280&#8243;][vc_column][\/vc_column][\/vc_row][vc_row section_background=&#8221;color&#8221; background_color=&#8221;#ffffff&#8221;][vc_column][vc_row_inner][vc_column_inner width=&#8221;1\/3&#8243;][jeg_heading float=&#8221;left&#8221; title=&#8221;Address&#8221;][\/vc_column_inner][vc_column_inner width=&#8221;2\/3&#8243;][vc_column_text]Geneva Life Sciences F\u00e9d\u00e9ration des Entreprises Romandes (FER) rue de Saint-Jean 98 Case postale CH-1211 Gen\u00e8ve 3 Switzerland View in Google Map Tel.: +41 58\u00a0715 36 98 Email: info@geneve-sciences-de-la-vie.ch[\/vc_column_text][\/vc_column_inner][\/vc_row_inner][\/vc_column][\/vc_row][vc_row section_top_margin=&#8221;notopmargin&#8221; section_background=&#8221;color&#8221; background_color=&#8221;#ffffff&#8221; section_id=&#8221;join&#8221;][vc_column][vc_row_inner][vc_column_inner width=&#8221;1\/3&#8243;][jeg_heading float=&#8221;left&#8221; title=&#8221;Join the &hellip; <a class=\"readmore\" href=\"https:\/\/geneve-sciences-de-la-vie.ch\/en\/contact\/\">Continue reading <span class=\"meta-nav\">&rarr;<\/span><\/a><\/p>\n","protected":false},"author":1,"featured_media":0,"parent":0,"menu_order":2,"comment_status":"closed","ping_status":"closed","template":"template\/template-landing-page-vc.php","meta":{"footnotes":""},"class_list":["post-1044","page","type-page","status-publish","hentry"],"yoast_head":"<!-- This site is optimized with the Yoast SEO plugin v27.1.1 - https:\/\/yoast.com\/product\/yoast-seo-wordpress\/ -->\n<title>Welcome to Geneva Life Sciences | Contact<\/title>\n<meta name=\"description\" content=\"Geneva Life Sciences promotes and represents the interests of Life Sciences Companies in our area, with a 70-year track record in caring for and fostering positive interactions with our social, economic and political environments.\" \/>\n<meta name=\"robots\" content=\"index, follow, max-snippet:-1, max-image-preview:large, max-video-preview:-1\" \/>\n<link rel=\"canonical\" href=\"https:\/\/geneve-sciences-de-la-vie.ch\/contact\/\" \/>\n<meta property=\"og:locale\" content=\"en_US\" \/>\n<meta property=\"og:type\" content=\"article\" \/>\n<meta property=\"og:title\" content=\"Welcome to Geneva Life Sciences | Contact\" \/>\n<meta property=\"og:description\" content=\"Geneva Life Sciences promotes and represents the interests of Life Sciences Companies in our area, with a 70-year track record in caring for and fostering positive interactions with our social, economic and political environments.\" \/>\n<meta property=\"og:url\" content=\"https:\/\/geneve-sciences-de-la-vie.ch\/contact\/\" \/>\n<meta property=\"og:site_name\" content=\"Welcome to Geneva Life Sciences\" \/>\n<meta property=\"article:modified_time\" content=\"2023-08-28T14:11:04+00:00\" \/>\n<meta name=\"twitter:card\" content=\"summary_large_image\" \/>\n<meta name=\"twitter:label1\" content=\"Est. reading time\" \/>\n\t<meta name=\"twitter:data1\" content=\"1 minute\" \/>\n<script type=\"application\/ld+json\" class=\"yoast-schema-graph\">{\"@context\":\"https:\/\/schema.org\",\"@graph\":[{\"@type\":\"WebPage\",\"@id\":\"https:\/\/geneve-sciences-de-la-vie.ch\/contact\/\",\"url\":\"https:\/\/geneve-sciences-de-la-vie.ch\/contact\/\",\"name\":\"Welcome to Geneva Life Sciences | Contact\",\"isPartOf\":{\"@id\":\"https:\/\/geneve-sciences-de-la-vie.ch\/#website\"},\"datePublished\":\"2019-05-13T07:07:24+00:00\",\"dateModified\":\"2023-08-28T14:11:04+00:00\",\"description\":\"Geneva Life Sciences promotes and represents the interests of Life Sciences Companies in our area, with a 70-year track record in caring for and fostering positive interactions with our social, economic and political environments.\",\"breadcrumb\":{\"@id\":\"https:\/\/geneve-sciences-de-la-vie.ch\/contact\/#breadcrumb\"},\"inLanguage\":\"en-US\",\"potentialAction\":[{\"@type\":\"ReadAction\",\"target\":[\"https:\/\/geneve-sciences-de-la-vie.ch\/contact\/\"]}]},{\"@type\":\"BreadcrumbList\",\"@id\":\"https:\/\/geneve-sciences-de-la-vie.ch\/contact\/#breadcrumb\",\"itemListElement\":[{\"@type\":\"ListItem\",\"position\":1,\"name\":\"Home\",\"item\":\"https:\/\/geneve-sciences-de-la-vie.ch\/en\/\"},{\"@type\":\"ListItem\",\"position\":2,\"name\":\"Contact\"}]},{\"@type\":\"WebSite\",\"@id\":\"https:\/\/geneve-sciences-de-la-vie.ch\/#website\",\"url\":\"https:\/\/geneve-sciences-de-la-vie.ch\/\",\"name\":\"Welcome to Geneva Life Sciences\",\"description\":\"\",\"potentialAction\":[{\"@type\":\"SearchAction\",\"target\":{\"@type\":\"EntryPoint\",\"urlTemplate\":\"https:\/\/geneve-sciences-de-la-vie.ch\/?s={search_term_string}\"},\"query-input\":{\"@type\":\"PropertyValueSpecification\",\"valueRequired\":true,\"valueName\":\"search_term_string\"}}],\"inLanguage\":\"en-US\"}]}<\/script>\n<!-- \/ Yoast SEO plugin. -->","yoast_head_json":{"title":"Welcome to Geneva Life Sciences | Contact","description":"Geneva Life Sciences promotes and represents the interests of Life Sciences Companies in our area, with a 70-year track record in caring for and fostering positive interactions with our social, economic and political environments.","robots":{"index":"index","follow":"follow","max-snippet":"max-snippet:-1","max-image-preview":"max-image-preview:large","max-video-preview":"max-video-preview:-1"},"canonical":"https:\/\/geneve-sciences-de-la-vie.ch\/contact\/","og_locale":"en_US","og_type":"article","og_title":"Welcome to Geneva Life Sciences | Contact","og_description":"Geneva Life Sciences promotes and represents the interests of Life Sciences Companies in our area, with a 70-year track record in caring for and fostering positive interactions with our social, economic and political environments.","og_url":"https:\/\/geneve-sciences-de-la-vie.ch\/contact\/","og_site_name":"Welcome to Geneva Life Sciences","article_modified_time":"2023-08-28T14:11:04+00:00","twitter_card":"summary_large_image","twitter_misc":{"Est. reading time":"1 minute"},"schema":{"@context":"https:\/\/schema.org","@graph":[{"@type":"WebPage","@id":"https:\/\/geneve-sciences-de-la-vie.ch\/contact\/","url":"https:\/\/geneve-sciences-de-la-vie.ch\/contact\/","name":"Welcome to Geneva Life Sciences | Contact","isPartOf":{"@id":"https:\/\/geneve-sciences-de-la-vie.ch\/#website"},"datePublished":"2019-05-13T07:07:24+00:00","dateModified":"2023-08-28T14:11:04+00:00","description":"Geneva Life Sciences promotes and represents the interests of Life Sciences Companies in our area, with a 70-year track record in caring for and fostering positive interactions with our social, economic and political environments.","breadcrumb":{"@id":"https:\/\/geneve-sciences-de-la-vie.ch\/contact\/#breadcrumb"},"inLanguage":"en-US","potentialAction":[{"@type":"ReadAction","target":["https:\/\/geneve-sciences-de-la-vie.ch\/contact\/"]}]},{"@type":"BreadcrumbList","@id":"https:\/\/geneve-sciences-de-la-vie.ch\/contact\/#breadcrumb","itemListElement":[{"@type":"ListItem","position":1,"name":"Home","item":"https:\/\/geneve-sciences-de-la-vie.ch\/en\/"},{"@type":"ListItem","position":2,"name":"Contact"}]},{"@type":"WebSite","@id":"https:\/\/geneve-sciences-de-la-vie.ch\/#website","url":"https:\/\/geneve-sciences-de-la-vie.ch\/","name":"Welcome to Geneva Life Sciences","description":"","potentialAction":[{"@type":"SearchAction","target":{"@type":"EntryPoint","urlTemplate":"https:\/\/geneve-sciences-de-la-vie.ch\/?s={search_term_string}"},"query-input":{"@type":"PropertyValueSpecification","valueRequired":true,"valueName":"search_term_string"}}],"inLanguage":"en-US"}]}},"_links":{"self":[{"href":"https:\/\/geneve-sciences-de-la-vie.ch\/en\/wp-json\/wp\/v2\/pages\/1044","targetHints":{"allow":["GET"]}}],"collection":[{"href":"https:\/\/geneve-sciences-de-la-vie.ch\/en\/wp-json\/wp\/v2\/pages"}],"about":[{"href":"https:\/\/geneve-sciences-de-la-vie.ch\/en\/wp-json\/wp\/v2\/types\/page"}],"author":[{"embeddable":true,"href":"https:\/\/geneve-sciences-de-la-vie.ch\/en\/wp-json\/wp\/v2\/users\/1"}],"replies":[{"embeddable":true,"href":"https:\/\/geneve-sciences-de-la-vie.ch\/en\/wp-json\/wp\/v2\/comments?post=1044"}],"version-history":[{"count":30,"href":"https:\/\/geneve-sciences-de-la-vie.ch\/en\/wp-json\/wp\/v2\/pages\/1044\/revisions"}],"predecessor-version":[{"id":1607,"href":"https:\/\/geneve-sciences-de-la-vie.ch\/en\/wp-json\/wp\/v2\/pages\/1044\/revisions\/1607"}],"wp:attachment":[{"href":"https:\/\/geneve-sciences-de-la-vie.ch\/en\/wp-json\/wp\/v2\/media?parent=1044"}],"curies":[{"name":"wp","href":"https:\/\/api.w.org\/{rel}","templated":true}]}}